{"id":3491,"date":"2025-07-14T16:48:54","date_gmt":"2025-07-14T14:48:54","guid":{"rendered":"http:\/\/ayuntamiento-galera.demos-idento.es\/?page_id=3491"},"modified":"2025-09-18T11:29:31","modified_gmt":"2025-09-18T09:29:31","slug":"corporacion","status":"publish","type":"page","link":"https:\/\/ayuntamientogalera.es\/es\/corporacion\/","title":{"rendered":"Corporaci\u00f3n"},"content":{"rendered":"\n<div class=\"wp-block-group main-corporacion container\"><div class=\"wp-block-group__inner-container is-layout-constrained wp-block-group-is-layout-constrained\">\n<p class=\"has-text-align-center uppercase pretitulo animated fadeInUp\">Conoce a los miembros<\/p>\n\n\n\n<h2 class=\"wp-block-heading has-text-align-center animated fadeInUp\">Corporaci\u00f3n municipal<\/h2>\n\n\n\n<hr class=\"wp-block-separator has-alpha-channel-opacity is-style-default animated fadeInUp\"\/>\n\n\n\n<div class=\"wp-block-group grupo animated fadeInUp\"><div class=\"wp-block-group__inner-container is-layout-constrained wp-block-group-is-layout-constrained\">\n<h3 class=\"wp-block-heading\">Grupo PSOE-A<\/h3>\n\n\n    <div class=\"row\">\n                    <div class=\"col-lg-3\">\n                <div class=\"card-corporacion\">\n                    \n                    <img decoding=\"async\" src=\"https:\/\/ayuntamientogalera.es\/wp-content\/uploads\/Jose-Manuel-Guillen-Ruiz-ALCALDE-min.jpg\" alt=\"Jos\u00e9 Manuel Guill\u00e9n Ru\u00edz\" class=\"card-image\">\n\n                                            <h4 class=\"card-nombre\">Jos\u00e9 Manuel Guill\u00e9n Ru\u00edz<\/h4>\n                    \n                    \n                                            <span class=\"card-cargo\">Alcalde<\/span>\n                                    <\/div>\n            <\/div>\n                    <div class=\"col-lg-3\">\n                <div class=\"card-corporacion\">\n                    \n                    <img decoding=\"async\" src=\"https:\/\/ayuntamientogalera.es\/wp-content\/uploads\/Noelia-Jurado-Gonzalez-min.jpg\" alt=\"Noelia Jurado Gonz\u00e1lez\" class=\"card-image\">\n\n                                            <h4 class=\"card-nombre\">Noelia Jurado Gonz\u00e1lez<\/h4>\n                    \n                                            <span class=\"card-pretitulo\">Primera Teniente de alcalde.<\/span>\n                    \n                                            <span class=\"card-cargo\">Concejala de Igualdad, juventud y deporte<\/span>\n                                    <\/div>\n            <\/div>\n                    <div class=\"col-lg-3\">\n                <div class=\"card-corporacion\">\n                    \n                    <img decoding=\"async\" src=\"https:\/\/ayuntamientogalera.es\/wp-content\/uploads\/Javier-Pinteno-Ros-min.jpg\" alt=\"Javier Pinte\u00f1o Ros\" class=\"card-image\">\n\n                                            <h4 class=\"card-nombre\">Javier Pinte\u00f1o Ros<\/h4>\n                    \n                    \n                                            <span class=\"card-cargo\">Concejal de Cultura y Fiestas<\/span>\n                                    <\/div>\n            <\/div>\n                    <div class=\"col-lg-3\">\n                <div class=\"card-corporacion\">\n                    \n                    <img decoding=\"async\" src=\"https:\/\/ayuntamientogalera.es\/wp-content\/uploads\/Tomas-Javier-Garcia-Viedma-min.jpg\" alt=\"Tom\u00e1s Javier Garc\u00eda Viedma\" class=\"card-image\">\n\n                                            <h4 class=\"card-nombre\">Tom\u00e1s Javier Garc\u00eda Viedma<\/h4>\n                    \n                                            <span class=\"card-pretitulo\">Segundo Teniente de Alcalde.<\/span>\n                    \n                                            <span class=\"card-cargo\">Concejal de Obras P\u00fablicas<\/span>\n                                    <\/div>\n            <\/div>\n                    <div class=\"col-lg-3\">\n                <div class=\"card-corporacion\">\n                    \n                    <img decoding=\"async\" src=\"https:\/\/ayuntamientogalera.es\/wp-content\/uploads\/Rosario-Tomas-Lopez-min.jpg\" alt=\"Rosario Tom\u00e1s L\u00f3pez\" class=\"card-image\">\n\n                                            <h4 class=\"card-nombre\">Rosario Tom\u00e1s L\u00f3pez<\/h4>\n                    \n                    \n                                            <span class=\"card-cargo\">Concejala de Parques, Jardines y Empresa<\/span>\n                                    <\/div>\n            <\/div>\n                    <div class=\"col-lg-3\">\n                <div class=\"card-corporacion\">\n                    \n                    <img decoding=\"async\" src=\"https:\/\/ayuntamientogalera.es\/wp-content\/uploads\/Alba-Carayol-Castellar-min.jpg\" alt=\"Alba Carayol Castellar\" class=\"card-image\">\n\n                                            <h4 class=\"card-nombre\">Alba Carayol Castellar<\/h4>\n                    \n                    \n                                            <span class=\"card-cargo\">\u00a0Concejala de Educaci\u00f3n y Agricultura<\/span>\n                                    <\/div>\n            <\/div>\n                    <div class=\"col-lg-3\">\n                <div class=\"card-corporacion\">\n                    \n                    <img decoding=\"async\" src=\"https:\/\/ayuntamientogalera.es\/wp-content\/uploads\/Mariangeles-Blazquez-Berbel-min.jpg\" alt=\"Mar\u00eda de los \u00c1ngeles Bl\u00e1zquez Berbel\" class=\"card-image\">\n\n                                            <h4 class=\"card-nombre\">Mar\u00eda de los \u00c1ngeles Bl\u00e1zquez Berbel<\/h4>\n                    \n                    \n                                            <span class=\"card-cargo\">Concejala de Asuntos Sociales<\/span>\n                                    <\/div>\n            <\/div>\n            <\/div>\n<\/div><\/div>\n\n\n\n<div class=\"wp-block-group grupo animated fadeInUp\"><div class=\"wp-block-group__inner-container is-layout-constrained wp-block-group-is-layout-constrained\">\n<h3 class=\"wp-block-heading\">Grupo PP<\/h3>\n\n\n    <div class=\"row\">\n                    <div class=\"col-lg-3\">\n                <div class=\"card-corporacion\">\n                    \n                    <img decoding=\"async\" src=\"https:\/\/ayuntamientogalera.es\/wp-content\/themes\/galera\/img\/user.png\" alt=\"Jos\u00e9 Molina Gonz\u00e1lez\" class=\"card-image\">\n\n                                            <h4 class=\"card-nombre\">Jos\u00e9 Molina Gonz\u00e1lez<\/h4>\n                    \n                    \n                                    <\/div>\n            <\/div>\n                    <div class=\"col-lg-3\">\n                <div class=\"card-corporacion\">\n                    \n                    <img decoding=\"async\" src=\"https:\/\/ayuntamientogalera.es\/wp-content\/themes\/galera\/img\/user.png\" alt=\"Antonio Mart\u00ednez Pe\u00f1alver\" class=\"card-image\">\n\n                                            <h4 class=\"card-nombre\">Antonio Mart\u00ednez Pe\u00f1alver<\/h4>\n                    \n                    \n                                    <\/div>\n            <\/div>\n            <\/div>\n<\/div><\/div>\n<\/div><\/div>\n","protected":false},"excerpt":{"rendered":"<p>Conoce a los miembros Corporaci\u00f3n municipal Grupo PSOE-A Grupo PP<\/p>\n","protected":false},"author":1,"featured_media":3517,"parent":0,"menu_order":0,"comment_status":"closed","ping_status":"closed","template":"template-basico.php","meta":{"_acf_changed":false,"footnotes":""},"class_list":["post-3491","page","type-page","status-publish","has-post-thumbnail","hentry"],"acf":[],"yoast_head":"<!-- This site is optimized with the Yoast SEO plugin v25.6 - https:\/\/yoast.com\/wordpress\/plugins\/seo\/ -->\n<title>Corporaci\u00f3n | Ayuntamiento de Galera<\/title>\n<meta name=\"robots\" content=\"index, follow, max-snippet:-1, max-image-preview:large, max-video-preview:-1\" \/>\n<link rel=\"canonical\" href=\"https:\/\/ayuntamientogalera.es\/es\/corporacion\/\" \/>\n<meta property=\"og:locale\" content=\"es_ES\" \/>\n<meta property=\"og:type\" content=\"article\" \/>\n<meta property=\"og:title\" content=\"Corporaci\u00f3n | Ayuntamiento de Galera\" \/>\n<meta property=\"og:description\" content=\"Conoce a los miembros Corporaci\u00f3n municipal Grupo PSOE-A Grupo PP\" \/>\n<meta property=\"og:url\" content=\"https:\/\/ayuntamientogalera.es\/es\/corporacion\/\" \/>\n<meta property=\"og:site_name\" content=\"Ayuntamiento de Galera\" \/>\n<meta property=\"article:modified_time\" content=\"2025-09-18T09:29:31+00:00\" \/>\n<meta property=\"og:image\" content=\"https:\/\/ayuntamientogalera.es\/wp-content\/uploads\/Ermita-cerro-virgen-1er-plano-min.jpg\" \/>\n\t<meta property=\"og:image:width\" content=\"1920\" \/>\n\t<meta property=\"og:image:height\" content=\"1279\" \/>\n\t<meta property=\"og:image:type\" content=\"image\/jpeg\" \/>\n<meta name=\"twitter:card\" content=\"summary_large_image\" \/>\n<meta name=\"twitter:label1\" content=\"Tiempo de lectura\" \/>\n\t<meta name=\"twitter:data1\" content=\"1 minuto\" \/>\n<script type=\"application\/ld+json\" class=\"yoast-schema-graph\">{\"@context\":\"https:\/\/schema.org\",\"@graph\":[{\"@type\":\"WebPage\",\"@id\":\"https:\/\/ayuntamientogalera.es\/es\/corporacion\/\",\"url\":\"https:\/\/ayuntamientogalera.es\/es\/corporacion\/\",\"name\":\"Corporaci\u00f3n | Ayuntamiento de Galera\",\"isPartOf\":{\"@id\":\"https:\/\/ayuntamientogalera.es\/es\/#website\"},\"primaryImageOfPage\":{\"@id\":\"https:\/\/ayuntamientogalera.es\/es\/corporacion\/#primaryimage\"},\"image\":{\"@id\":\"https:\/\/ayuntamientogalera.es\/es\/corporacion\/#primaryimage\"},\"thumbnailUrl\":\"https:\/\/ayuntamientogalera.es\/wp-content\/uploads\/Ermita-cerro-virgen-1er-plano-min.jpg\",\"datePublished\":\"2025-07-14T14:48:54+00:00\",\"dateModified\":\"2025-09-18T09:29:31+00:00\",\"breadcrumb\":{\"@id\":\"https:\/\/ayuntamientogalera.es\/es\/corporacion\/#breadcrumb\"},\"inLanguage\":\"es\",\"potentialAction\":[{\"@type\":\"ReadAction\",\"target\":[\"https:\/\/ayuntamientogalera.es\/es\/corporacion\/\"]}]},{\"@type\":\"ImageObject\",\"inLanguage\":\"es\",\"@id\":\"https:\/\/ayuntamientogalera.es\/es\/corporacion\/#primaryimage\",\"url\":\"https:\/\/ayuntamientogalera.es\/wp-content\/uploads\/Ermita-cerro-virgen-1er-plano-min.jpg\",\"contentUrl\":\"https:\/\/ayuntamientogalera.es\/wp-content\/uploads\/Ermita-cerro-virgen-1er-plano-min.jpg\",\"width\":1920,\"height\":1279},{\"@type\":\"BreadcrumbList\",\"@id\":\"https:\/\/ayuntamientogalera.es\/es\/corporacion\/#breadcrumb\",\"itemListElement\":[{\"@type\":\"ListItem\",\"position\":1,\"name\":\"Inicio\",\"item\":\"https:\/\/ayuntamientogalera.es\/es\/\"},{\"@type\":\"ListItem\",\"position\":2,\"name\":\"Corporaci\u00f3n\"}]},{\"@type\":\"WebSite\",\"@id\":\"https:\/\/ayuntamientogalera.es\/es\/#website\",\"url\":\"https:\/\/ayuntamientogalera.es\/es\/\",\"name\":\"Ayuntamiento de Galera\",\"description\":\"Informaci\u00f3n oficial del Ayuntamiento de Galera: historia, servicios, noticias, eventos, contacto y tr\u00e1mites. Todo lo que necesitas saber sobre Galera.\",\"publisher\":{\"@id\":\"https:\/\/ayuntamientogalera.es\/es\/#organization\"},\"potentialAction\":[{\"@type\":\"SearchAction\",\"target\":{\"@type\":\"EntryPoint\",\"urlTemplate\":\"https:\/\/ayuntamientogalera.es\/es\/?s={search_term_string}\"},\"query-input\":{\"@type\":\"PropertyValueSpecification\",\"valueRequired\":true,\"valueName\":\"search_term_string\"}}],\"inLanguage\":\"es\"},{\"@type\":\"Organization\",\"@id\":\"https:\/\/ayuntamientogalera.es\/es\/#organization\",\"name\":\"Ayuntamiento de Galera\",\"url\":\"https:\/\/ayuntamientogalera.es\/es\/\",\"logo\":{\"@type\":\"ImageObject\",\"inLanguage\":\"es\",\"@id\":\"https:\/\/ayuntamientogalera.es\/es\/#\/schema\/logo\/image\/\",\"url\":\"https:\/\/ayuntamientogalera.es\/wp-content\/uploads\/logo-galera-mobile.png\",\"contentUrl\":\"https:\/\/ayuntamientogalera.es\/wp-content\/uploads\/logo-galera-mobile.png\",\"width\":343,\"height\":50,\"caption\":\"Ayuntamiento de Galera\"},\"image\":{\"@id\":\"https:\/\/ayuntamientogalera.es\/es\/#\/schema\/logo\/image\/\"}}]}<\/script>\n<!-- \/ Yoast SEO plugin. -->","yoast_head_json":{"title":"Corporaci\u00f3n | Ayuntamiento de Galera","robots":{"index":"index","follow":"follow","max-snippet":"max-snippet:-1","max-image-preview":"max-image-preview:large","max-video-preview":"max-video-preview:-1"},"canonical":"https:\/\/ayuntamientogalera.es\/es\/corporacion\/","og_locale":"es_ES","og_type":"article","og_title":"Corporaci\u00f3n | Ayuntamiento de Galera","og_description":"Conoce a los miembros Corporaci\u00f3n municipal Grupo PSOE-A Grupo PP","og_url":"https:\/\/ayuntamientogalera.es\/es\/corporacion\/","og_site_name":"Ayuntamiento de Galera","article_modified_time":"2025-09-18T09:29:31+00:00","og_image":[{"width":1920,"height":1279,"url":"https:\/\/ayuntamientogalera.es\/wp-content\/uploads\/Ermita-cerro-virgen-1er-plano-min.jpg","type":"image\/jpeg"}],"twitter_card":"summary_large_image","twitter_misc":{"Tiempo de lectura":"1 minuto"},"schema":{"@context":"https:\/\/schema.org","@graph":[{"@type":"WebPage","@id":"https:\/\/ayuntamientogalera.es\/es\/corporacion\/","url":"https:\/\/ayuntamientogalera.es\/es\/corporacion\/","name":"Corporaci\u00f3n | Ayuntamiento de Galera","isPartOf":{"@id":"https:\/\/ayuntamientogalera.es\/es\/#website"},"primaryImageOfPage":{"@id":"https:\/\/ayuntamientogalera.es\/es\/corporacion\/#primaryimage"},"image":{"@id":"https:\/\/ayuntamientogalera.es\/es\/corporacion\/#primaryimage"},"thumbnailUrl":"https:\/\/ayuntamientogalera.es\/wp-content\/uploads\/Ermita-cerro-virgen-1er-plano-min.jpg","datePublished":"2025-07-14T14:48:54+00:00","dateModified":"2025-09-18T09:29:31+00:00","breadcrumb":{"@id":"https:\/\/ayuntamientogalera.es\/es\/corporacion\/#breadcrumb"},"inLanguage":"es","potentialAction":[{"@type":"ReadAction","target":["https:\/\/ayuntamientogalera.es\/es\/corporacion\/"]}]},{"@type":"ImageObject","inLanguage":"es","@id":"https:\/\/ayuntamientogalera.es\/es\/corporacion\/#primaryimage","url":"https:\/\/ayuntamientogalera.es\/wp-content\/uploads\/Ermita-cerro-virgen-1er-plano-min.jpg","contentUrl":"https:\/\/ayuntamientogalera.es\/wp-content\/uploads\/Ermita-cerro-virgen-1er-plano-min.jpg","width":1920,"height":1279},{"@type":"BreadcrumbList","@id":"https:\/\/ayuntamientogalera.es\/es\/corporacion\/#breadcrumb","itemListElement":[{"@type":"ListItem","position":1,"name":"Inicio","item":"https:\/\/ayuntamientogalera.es\/es\/"},{"@type":"ListItem","position":2,"name":"Corporaci\u00f3n"}]},{"@type":"WebSite","@id":"https:\/\/ayuntamientogalera.es\/es\/#website","url":"https:\/\/ayuntamientogalera.es\/es\/","name":"Ayuntamiento de Galera","description":"Informaci\u00f3n oficial del Ayuntamiento de Galera: historia, servicios, noticias, eventos, contacto y tr\u00e1mites. Todo lo que necesitas saber sobre Galera.","publisher":{"@id":"https:\/\/ayuntamientogalera.es\/es\/#organization"},"potentialAction":[{"@type":"SearchAction","target":{"@type":"EntryPoint","urlTemplate":"https:\/\/ayuntamientogalera.es\/es\/?s={search_term_string}"},"query-input":{"@type":"PropertyValueSpecification","valueRequired":true,"valueName":"search_term_string"}}],"inLanguage":"es"},{"@type":"Organization","@id":"https:\/\/ayuntamientogalera.es\/es\/#organization","name":"Ayuntamiento de Galera","url":"https:\/\/ayuntamientogalera.es\/es\/","logo":{"@type":"ImageObject","inLanguage":"es","@id":"https:\/\/ayuntamientogalera.es\/es\/#\/schema\/logo\/image\/","url":"https:\/\/ayuntamientogalera.es\/wp-content\/uploads\/logo-galera-mobile.png","contentUrl":"https:\/\/ayuntamientogalera.es\/wp-content\/uploads\/logo-galera-mobile.png","width":343,"height":50,"caption":"Ayuntamiento de Galera"},"image":{"@id":"https:\/\/ayuntamientogalera.es\/es\/#\/schema\/logo\/image\/"}}]}},"_links":{"self":[{"href":"https:\/\/ayuntamientogalera.es\/es\/wp-json\/wp\/v2\/pages\/3491","targetHints":{"allow":["GET"]}}],"collection":[{"href":"https:\/\/ayuntamientogalera.es\/es\/wp-json\/wp\/v2\/pages"}],"about":[{"href":"https:\/\/ayuntamientogalera.es\/es\/wp-json\/wp\/v2\/types\/page"}],"author":[{"embeddable":true,"href":"https:\/\/ayuntamientogalera.es\/es\/wp-json\/wp\/v2\/users\/1"}],"replies":[{"embeddable":true,"href":"https:\/\/ayuntamientogalera.es\/es\/wp-json\/wp\/v2\/comments?post=3491"}],"version-history":[{"count":5,"href":"https:\/\/ayuntamientogalera.es\/es\/wp-json\/wp\/v2\/pages\/3491\/revisions"}],"predecessor-version":[{"id":4018,"href":"https:\/\/ayuntamientogalera.es\/es\/wp-json\/wp\/v2\/pages\/3491\/revisions\/4018"}],"wp:featuredmedia":[{"embeddable":true,"href":"https:\/\/ayuntamientogalera.es\/es\/wp-json\/wp\/v2\/media\/3517"}],"wp:attachment":[{"href":"https:\/\/ayuntamientogalera.es\/es\/wp-json\/wp\/v2\/media?parent=3491"}],"curies":[{"name":"wp","href":"https:\/\/api.w.org\/{rel}","templated":true}]}}