{"id":3493,"date":"2025-07-14T16:49:50","date_gmt":"2025-07-14T14:49:50","guid":{"rendered":"http:\/\/ayuntamiento-galera.demos-idento.es\/?page_id=3493"},"modified":"2025-07-30T14:01:31","modified_gmt":"2025-07-30T12:01:31","slug":"historia","status":"publish","type":"page","link":"https:\/\/ayuntamientogalera.es\/es\/historia\/","title":{"rendered":"Historia"},"content":{"rendered":"\n<div class=\"wp-block-group main-historia\"><div class=\"wp-block-group__inner-container is-layout-constrained wp-block-group-is-layout-constrained\">\n<div class=\"wp-block-columns container texto-texto is-layout-flex wp-container-core-columns-is-layout-9d6595d7 wp-block-columns-is-layout-flex\">\n<div class=\"wp-block-column is-layout-flow wp-block-column-is-layout-flow\">\n<h2 class=\"wp-block-heading animated fadeInUp\">M\u00e1s de 5.000 a\u00f1os de historia<\/h2>\n\n\n\n<hr class=\"wp-block-separator has-alpha-channel-opacity animated fadeInUp\"\/>\n\n\n\n<p class=\"p-principal animated fadeInUp\">La primera ocupaci\u00f3n documentada en el termino municipal se realiza durante el llamado Neol\u00edtico Tard\u00edo en un silo excavado en el Cerro del Real con una cronolog\u00eda de 3769-3642 cal BC.<\/p>\n\n\n\n<p class=\"animated fadeInUp\">En el Cobre Pleno (3000-2700 cal A.C),se han documentado numerosos asentamientos, pero la poblaci\u00f3n de la zona sigue siendo muy escasa.<br><br>Durante la Edad del Bronce conocemos en Galera un gran n\u00famero de poblados, entre ellos Castell\u00f3n Alto donde apareci\u00f3 la Momia de Galera. Se trata de los restos momificados m\u00e1s antiguos de la Pen\u00ednsula Ib\u00e9rica.<br><br>Despu\u00e9s del abandono de la pr\u00e1ctica totalidad de poblados arg\u00e1ricos, la Cultura del Bronce Final del Sureste (1400-1250 cal. a.C.) supone una reestructuraci\u00f3n del poblamiento con una reducci\u00f3n importante de asentamientos. En este momento se funda un nuevo asentamiento localizado en el Cerro del Real.<\/p>\n<\/div>\n\n\n\n<div class=\"wp-block-column is-layout-flow wp-block-column-is-layout-flow\">\n<p class=\"animated fadeInUp\">El poblamiento ib\u00e9rico se articula en torno al oppidum de T\u00fatugi, situado en el Cerro del Real y que tiene su apogeo entre finales del S. V y el III a.C.<br><br>La necr\u00f3polis de T\u00fatugi se sit\u00faa al norte del poblado y al otro lado del r\u00edo Orce, ocupando una extensa \u00e1rea dominada por un paisaje de peque\u00f1os cerros utilizados para la ubicaci\u00f3n de &nbsp;t\u00famulos artificiales que recubren una c\u00e1mara.<br><br>La Sepultura 20 es la primera que se construye y destaca tanto por su arquitectura realizada con una m\u00e9trica y orientaci\u00f3n astron\u00f3mica precisa, como por su ajuar, donde se encontr\u00f3 la Diosa de Galera.<br><br>Con el desembarco de las tropas romanas en Ampurias en el a\u00f1o 218 se inicia un per\u00edodo de casi dos siglos conocido como romanizaci\u00f3n.<br><br>No conocemos que tipo de relaci\u00f3n establecieron los habitantes de la T\u00fatugi ib\u00e9rica con los romanos, aunque el hecho de que la ciudad sigui\u00f3 estando habitada y con el nombre ib\u00e9rico, nos hace pensar que la ciudad no se resistir\u00eda de forma violenta, como si est\u00e1 documentado en otros asentamientos del entorno.<\/p>\n<\/div>\n<\/div>\n\n\n\n<div class=\"wp-block-cover\"><img loading=\"lazy\" decoding=\"async\" width=\"1600\" height=\"1063\" class=\"wp-block-cover__image-background wp-image-3940 size-full\" alt=\"\" src=\"https:\/\/ayuntamientogalera.es\/wp-content\/uploads\/Vista-general-Valle-y-Castellon-Alto-1-min.jpg\" style=\"object-position:55% 68%\" data-object-fit=\"cover\" data-object-position=\"55% 68%\" srcset=\"https:\/\/ayuntamientogalera.es\/wp-content\/uploads\/Vista-general-Valle-y-Castellon-Alto-1-min.jpg 1600w, https:\/\/ayuntamientogalera.es\/wp-content\/uploads\/Vista-general-Valle-y-Castellon-Alto-1-min-250x166.jpg 250w, https:\/\/ayuntamientogalera.es\/wp-content\/uploads\/Vista-general-Valle-y-Castellon-Alto-1-min-750x498.jpg 750w, https:\/\/ayuntamientogalera.es\/wp-content\/uploads\/Vista-general-Valle-y-Castellon-Alto-1-min-768x510.jpg 768w, https:\/\/ayuntamientogalera.es\/wp-content\/uploads\/Vista-general-Valle-y-Castellon-Alto-1-min-1536x1020.jpg 1536w, https:\/\/ayuntamientogalera.es\/wp-content\/uploads\/Vista-general-Valle-y-Castellon-Alto-1-min-1170x777.jpg 1170w, https:\/\/ayuntamientogalera.es\/wp-content\/uploads\/Vista-general-Valle-y-Castellon-Alto-1-min-970x644.jpg 970w, https:\/\/ayuntamientogalera.es\/wp-content\/uploads\/Vista-general-Valle-y-Castellon-Alto-1-min-500x332.jpg 500w, https:\/\/ayuntamientogalera.es\/wp-content\/uploads\/Vista-general-Valle-y-Castellon-Alto-1-min-395x262.jpg 395w, https:\/\/ayuntamientogalera.es\/wp-content\/uploads\/Vista-general-Valle-y-Castellon-Alto-1-min-290x193.jpg 290w, https:\/\/ayuntamientogalera.es\/wp-content\/uploads\/Vista-general-Valle-y-Castellon-Alto-1-min-120x80.jpg 120w\" sizes=\"auto, (max-width: 1600px) 100vw, 1600px\" \/><span aria-hidden=\"true\" class=\"wp-block-cover__background has-background-dim-100 has-background-dim wp-block-cover__gradient-background has-background-gradient\" style=\"background:linear-gradient(135deg,rgb(0,0,0) 21%,rgba(0,0,0,0) 100%)\"><\/span><div class=\"wp-block-cover__inner-container is-layout-constrained wp-block-cover-is-layout-constrained\">\n<div class=\"wp-block-group container\"><div class=\"wp-block-group__inner-container is-layout-constrained wp-block-group-is-layout-constrained\">\n<p class=\"pretitulo uppercase animated fadeInUp\">Sobre Galera<\/p>\n\n\n\n<h3 class=\"wp-block-heading has-text-align-left animated fadeInUp has-large-font-size\">Cultura Arg\u00e1rica<\/h3>\n\n\n\n<hr class=\"wp-block-separator has-alpha-channel-opacity animated fadeInUp\"\/>\n\n\n\n<p class=\"animated fadeInUp\">Durante la Edad del Bronce se desarroll\u00f3 en el sureste de la Pen\u00ednsula Ib\u00e9rica la Cultura del Argar, que lleg\u00f3 a configurar una de las sociedades m\u00e1s complejas y de mayor relevancia de las hasta entonces conocidas. Hace 4.000 a\u00f1os, crearon una de las primeras sociedades urbanas y estatales del Mediterr\u00e1neo occidental. Si viajas al Altiplano granadino, concretamente al municipio de Galera, podr\u00e1s visitar el fascinante yacimiento arg\u00e1rico de Castell\u00f3n Alto, que est\u00e1 datado entre el 1900-1600 antes de nuestra era.<\/p>\n<\/div><\/div>\n<\/div><\/div>\n\n\n\n<div class=\"wp-block-columns container texto-img is-layout-flex wp-container-core-columns-is-layout-9d6595d7 wp-block-columns-is-layout-flex\">\n<div class=\"wp-block-column is-layout-flow wp-block-column-is-layout-flow\">\n<h2 class=\"wp-block-heading animated fadeInUp\">La sublevaci\u00f3n de los<br>moriscos<\/h2>\n\n\n\n<hr class=\"wp-block-separator has-alpha-channel-opacity animated fadeInUp\"\/>\n\n\n\n<p class=\"p-principal animated fadeInUp\">La sublevaci\u00f3n de los moriscos en Galera fue parte de la Rebeli\u00f3n de las Alpujarras, que comenz\u00f3 en 1568 durante el reinado de Felipe II.<\/p>\n\n\n\n<p class=\"animated fadeInUp\">Los moriscos, musulmanes convertidos al cristianismo, se levantaron en armas en protesta contra las medidas restrictivas impuestas por la corona, incluyendo la Pragm\u00e1tica Sanci\u00f3n que restring\u00eda sus costumbres y cultura. Galera se convirti\u00f3 en el foco de resistencia morisca en la zona, resistiendo un largo asedio antes de su ca\u00edda a manos de Juan de Austria y su ej\u00e9rcito.<\/p>\n<\/div>\n\n\n\n<div class=\"wp-block-column animated fadeInUp is-layout-flow wp-block-column-is-layout-flow\">\n<figure class=\"wp-block-image size-full\"><img loading=\"lazy\" decoding=\"async\" width=\"543\" height=\"480\" src=\"https:\/\/ayuntamientogalera.es\/wp-content\/uploads\/historia-galera-1.jpg\" alt=\"\" class=\"wp-image-3717\"\/><\/figure>\n<\/div>\n<\/div>\n\n\n\n<div class=\"wp-block-cover\"><img loading=\"lazy\" decoding=\"async\" width=\"1600\" height=\"1066\" class=\"wp-block-cover__image-background wp-image-3944 size-full\" alt=\"\" src=\"https:\/\/ayuntamientogalera.es\/wp-content\/uploads\/Galera-2-1-min.jpg\" style=\"object-position:38% 93%\" data-object-fit=\"cover\" data-object-position=\"38% 93%\" srcset=\"https:\/\/ayuntamientogalera.es\/wp-content\/uploads\/Galera-2-1-min.jpg 1600w, https:\/\/ayuntamientogalera.es\/wp-content\/uploads\/Galera-2-1-min-250x167.jpg 250w, https:\/\/ayuntamientogalera.es\/wp-content\/uploads\/Galera-2-1-min-750x500.jpg 750w, https:\/\/ayuntamientogalera.es\/wp-content\/uploads\/Galera-2-1-min-768x512.jpg 768w, https:\/\/ayuntamientogalera.es\/wp-content\/uploads\/Galera-2-1-min-1536x1023.jpg 1536w, https:\/\/ayuntamientogalera.es\/wp-content\/uploads\/Galera-2-1-min-1050x700.jpg 1050w, https:\/\/ayuntamientogalera.es\/wp-content\/uploads\/Galera-2-1-min-1170x780.jpg 1170w, https:\/\/ayuntamientogalera.es\/wp-content\/uploads\/Galera-2-1-min-970x646.jpg 970w, https:\/\/ayuntamientogalera.es\/wp-content\/uploads\/Galera-2-1-min-500x333.jpg 500w, https:\/\/ayuntamientogalera.es\/wp-content\/uploads\/Galera-2-1-min-395x263.jpg 395w, https:\/\/ayuntamientogalera.es\/wp-content\/uploads\/Galera-2-1-min-290x193.jpg 290w, https:\/\/ayuntamientogalera.es\/wp-content\/uploads\/Galera-2-1-min-120x80.jpg 120w\" sizes=\"auto, (max-width: 1600px) 100vw, 1600px\" \/><span aria-hidden=\"true\" class=\"wp-block-cover__background has-background-dim-100 has-background-dim wp-block-cover__gradient-background has-background-gradient\" style=\"background:linear-gradient(135deg,rgb(0,0,0) 37%,rgba(0,0,0,0) 100%)\"><\/span><div class=\"wp-block-cover__inner-container is-layout-constrained wp-block-cover-is-layout-constrained\">\n<div class=\"wp-block-group container\"><div class=\"wp-block-group__inner-container is-layout-constrained wp-block-group-is-layout-constrained\">\n<p class=\"pretitulo uppercase animated fadeInUp\">Sobre Galera<\/p>\n\n\n\n<h3 class=\"wp-block-heading has-text-align-left animated fadeInUp has-large-font-size\">Galera en la Actualidad<\/h3>\n\n\n\n<hr class=\"wp-block-separator has-alpha-channel-opacity animated fadeInUp\"\/>\n\n\n\n<p class=\"animated fadeInUp\">A partir de 1591 se vuelve a repoblar la localidad con familias a las que se les conceden lotes de tierra para que se asienten en esta poblaci\u00f3n.<br><br>En la parte m\u00e1s llana del pueblo, alrededor de la iglesia, se trazan calles y se disponen espacios para la construcci\u00f3n de viviendas que ocupar\u00e1n los repobladores. De esta manera Galera contin\u00faa poblada hasta la actualidad.<\/p>\n<\/div><\/div>\n<\/div><\/div>\n<\/div><\/div>\n","protected":false},"excerpt":{"rendered":"<p>M\u00e1s de 5.000 a\u00f1os de historia La primera ocupaci\u00f3n documentada en el termino municipal se realiza durante el llamado Neol\u00edtico Tard\u00edo en un silo excavado en el Cerro del Real&#8230;<\/p>\n","protected":false},"author":1,"featured_media":3538,"parent":0,"menu_order":0,"comment_status":"closed","ping_status":"closed","template":"template-basico.php","meta":{"_acf_changed":false,"footnotes":""},"class_list":["post-3493","page","type-page","status-publish","has-post-thumbnail","hentry"],"acf":[],"yoast_head":"<!-- This site is optimized with the Yoast SEO plugin v25.6 - https:\/\/yoast.com\/wordpress\/plugins\/seo\/ -->\n<title>Historia | Ayuntamiento de Galera<\/title>\n<meta name=\"robots\" content=\"index, follow, max-snippet:-1, max-image-preview:large, max-video-preview:-1\" \/>\n<link rel=\"canonical\" href=\"https:\/\/ayuntamientogalera.es\/es\/historia\/\" \/>\n<meta property=\"og:locale\" content=\"es_ES\" \/>\n<meta property=\"og:type\" content=\"article\" \/>\n<meta property=\"og:title\" content=\"Historia | Ayuntamiento de Galera\" \/>\n<meta property=\"og:description\" content=\"M\u00e1s de 5.000 a\u00f1os de historia La primera ocupaci\u00f3n documentada en el termino municipal se realiza durante el llamado Neol\u00edtico Tard\u00edo en un silo excavado en el Cerro del Real...\" \/>\n<meta property=\"og:url\" content=\"https:\/\/ayuntamientogalera.es\/es\/historia\/\" \/>\n<meta property=\"og:site_name\" content=\"Ayuntamiento de Galera\" \/>\n<meta property=\"article:modified_time\" content=\"2025-07-30T12:01:31+00:00\" \/>\n<meta property=\"og:image\" content=\"https:\/\/ayuntamientogalera.es\/wp-content\/uploads\/Ermita-cerro-virgen-1er-plano-min-1.jpg\" \/>\n\t<meta property=\"og:image:width\" content=\"1920\" \/>\n\t<meta property=\"og:image:height\" content=\"1279\" \/>\n\t<meta property=\"og:image:type\" content=\"image\/jpeg\" \/>\n<meta name=\"twitter:card\" content=\"summary_large_image\" \/>\n<meta name=\"twitter:label1\" content=\"Tiempo de lectura\" \/>\n\t<meta name=\"twitter:data1\" content=\"4 minutos\" \/>\n<script type=\"application\/ld+json\" class=\"yoast-schema-graph\">{\"@context\":\"https:\/\/schema.org\",\"@graph\":[{\"@type\":\"WebPage\",\"@id\":\"https:\/\/ayuntamientogalera.es\/es\/historia\/\",\"url\":\"https:\/\/ayuntamientogalera.es\/es\/historia\/\",\"name\":\"Historia | Ayuntamiento de Galera\",\"isPartOf\":{\"@id\":\"https:\/\/ayuntamientogalera.es\/es\/#website\"},\"primaryImageOfPage\":{\"@id\":\"https:\/\/ayuntamientogalera.es\/es\/historia\/#primaryimage\"},\"image\":{\"@id\":\"https:\/\/ayuntamientogalera.es\/es\/historia\/#primaryimage\"},\"thumbnailUrl\":\"https:\/\/ayuntamientogalera.es\/wp-content\/uploads\/Ermita-cerro-virgen-1er-plano-min-1.jpg\",\"datePublished\":\"2025-07-14T14:49:50+00:00\",\"dateModified\":\"2025-07-30T12:01:31+00:00\",\"breadcrumb\":{\"@id\":\"https:\/\/ayuntamientogalera.es\/es\/historia\/#breadcrumb\"},\"inLanguage\":\"es\",\"potentialAction\":[{\"@type\":\"ReadAction\",\"target\":[\"https:\/\/ayuntamientogalera.es\/es\/historia\/\"]}]},{\"@type\":\"ImageObject\",\"inLanguage\":\"es\",\"@id\":\"https:\/\/ayuntamientogalera.es\/es\/historia\/#primaryimage\",\"url\":\"https:\/\/ayuntamientogalera.es\/wp-content\/uploads\/Ermita-cerro-virgen-1er-plano-min-1.jpg\",\"contentUrl\":\"https:\/\/ayuntamientogalera.es\/wp-content\/uploads\/Ermita-cerro-virgen-1er-plano-min-1.jpg\",\"width\":1920,\"height\":1279},{\"@type\":\"BreadcrumbList\",\"@id\":\"https:\/\/ayuntamientogalera.es\/es\/historia\/#breadcrumb\",\"itemListElement\":[{\"@type\":\"ListItem\",\"position\":1,\"name\":\"Inicio\",\"item\":\"https:\/\/ayuntamientogalera.es\/es\/\"},{\"@type\":\"ListItem\",\"position\":2,\"name\":\"Historia\"}]},{\"@type\":\"WebSite\",\"@id\":\"https:\/\/ayuntamientogalera.es\/es\/#website\",\"url\":\"https:\/\/ayuntamientogalera.es\/es\/\",\"name\":\"Ayuntamiento de Galera\",\"description\":\"Informaci\u00f3n oficial del Ayuntamiento de Galera: historia, servicios, noticias, eventos, contacto y tr\u00e1mites. Todo lo que necesitas saber sobre Galera.\",\"publisher\":{\"@id\":\"https:\/\/ayuntamientogalera.es\/es\/#organization\"},\"potentialAction\":[{\"@type\":\"SearchAction\",\"target\":{\"@type\":\"EntryPoint\",\"urlTemplate\":\"https:\/\/ayuntamientogalera.es\/es\/?s={search_term_string}\"},\"query-input\":{\"@type\":\"PropertyValueSpecification\",\"valueRequired\":true,\"valueName\":\"search_term_string\"}}],\"inLanguage\":\"es\"},{\"@type\":\"Organization\",\"@id\":\"https:\/\/ayuntamientogalera.es\/es\/#organization\",\"name\":\"Ayuntamiento de Galera\",\"url\":\"https:\/\/ayuntamientogalera.es\/es\/\",\"logo\":{\"@type\":\"ImageObject\",\"inLanguage\":\"es\",\"@id\":\"https:\/\/ayuntamientogalera.es\/es\/#\/schema\/logo\/image\/\",\"url\":\"https:\/\/ayuntamientogalera.es\/wp-content\/uploads\/logo-galera-mobile.png\",\"contentUrl\":\"https:\/\/ayuntamientogalera.es\/wp-content\/uploads\/logo-galera-mobile.png\",\"width\":343,\"height\":50,\"caption\":\"Ayuntamiento de Galera\"},\"image\":{\"@id\":\"https:\/\/ayuntamientogalera.es\/es\/#\/schema\/logo\/image\/\"}}]}<\/script>\n<!-- \/ Yoast SEO plugin. -->","yoast_head_json":{"title":"Historia | Ayuntamiento de Galera","robots":{"index":"index","follow":"follow","max-snippet":"max-snippet:-1","max-image-preview":"max-image-preview:large","max-video-preview":"max-video-preview:-1"},"canonical":"https:\/\/ayuntamientogalera.es\/es\/historia\/","og_locale":"es_ES","og_type":"article","og_title":"Historia | Ayuntamiento de Galera","og_description":"M\u00e1s de 5.000 a\u00f1os de historia La primera ocupaci\u00f3n documentada en el termino municipal se realiza durante el llamado Neol\u00edtico Tard\u00edo en un silo excavado en el Cerro del Real...","og_url":"https:\/\/ayuntamientogalera.es\/es\/historia\/","og_site_name":"Ayuntamiento de Galera","article_modified_time":"2025-07-30T12:01:31+00:00","og_image":[{"width":1920,"height":1279,"url":"https:\/\/ayuntamientogalera.es\/wp-content\/uploads\/Ermita-cerro-virgen-1er-plano-min-1.jpg","type":"image\/jpeg"}],"twitter_card":"summary_large_image","twitter_misc":{"Tiempo de lectura":"4 minutos"},"schema":{"@context":"https:\/\/schema.org","@graph":[{"@type":"WebPage","@id":"https:\/\/ayuntamientogalera.es\/es\/historia\/","url":"https:\/\/ayuntamientogalera.es\/es\/historia\/","name":"Historia | Ayuntamiento de Galera","isPartOf":{"@id":"https:\/\/ayuntamientogalera.es\/es\/#website"},"primaryImageOfPage":{"@id":"https:\/\/ayuntamientogalera.es\/es\/historia\/#primaryimage"},"image":{"@id":"https:\/\/ayuntamientogalera.es\/es\/historia\/#primaryimage"},"thumbnailUrl":"https:\/\/ayuntamientogalera.es\/wp-content\/uploads\/Ermita-cerro-virgen-1er-plano-min-1.jpg","datePublished":"2025-07-14T14:49:50+00:00","dateModified":"2025-07-30T12:01:31+00:00","breadcrumb":{"@id":"https:\/\/ayuntamientogalera.es\/es\/historia\/#breadcrumb"},"inLanguage":"es","potentialAction":[{"@type":"ReadAction","target":["https:\/\/ayuntamientogalera.es\/es\/historia\/"]}]},{"@type":"ImageObject","inLanguage":"es","@id":"https:\/\/ayuntamientogalera.es\/es\/historia\/#primaryimage","url":"https:\/\/ayuntamientogalera.es\/wp-content\/uploads\/Ermita-cerro-virgen-1er-plano-min-1.jpg","contentUrl":"https:\/\/ayuntamientogalera.es\/wp-content\/uploads\/Ermita-cerro-virgen-1er-plano-min-1.jpg","width":1920,"height":1279},{"@type":"BreadcrumbList","@id":"https:\/\/ayuntamientogalera.es\/es\/historia\/#breadcrumb","itemListElement":[{"@type":"ListItem","position":1,"name":"Inicio","item":"https:\/\/ayuntamientogalera.es\/es\/"},{"@type":"ListItem","position":2,"name":"Historia"}]},{"@type":"WebSite","@id":"https:\/\/ayuntamientogalera.es\/es\/#website","url":"https:\/\/ayuntamientogalera.es\/es\/","name":"Ayuntamiento de Galera","description":"Informaci\u00f3n oficial del Ayuntamiento de Galera: historia, servicios, noticias, eventos, contacto y tr\u00e1mites. Todo lo que necesitas saber sobre Galera.","publisher":{"@id":"https:\/\/ayuntamientogalera.es\/es\/#organization"},"potentialAction":[{"@type":"SearchAction","target":{"@type":"EntryPoint","urlTemplate":"https:\/\/ayuntamientogalera.es\/es\/?s={search_term_string}"},"query-input":{"@type":"PropertyValueSpecification","valueRequired":true,"valueName":"search_term_string"}}],"inLanguage":"es"},{"@type":"Organization","@id":"https:\/\/ayuntamientogalera.es\/es\/#organization","name":"Ayuntamiento de Galera","url":"https:\/\/ayuntamientogalera.es\/es\/","logo":{"@type":"ImageObject","inLanguage":"es","@id":"https:\/\/ayuntamientogalera.es\/es\/#\/schema\/logo\/image\/","url":"https:\/\/ayuntamientogalera.es\/wp-content\/uploads\/logo-galera-mobile.png","contentUrl":"https:\/\/ayuntamientogalera.es\/wp-content\/uploads\/logo-galera-mobile.png","width":343,"height":50,"caption":"Ayuntamiento de Galera"},"image":{"@id":"https:\/\/ayuntamientogalera.es\/es\/#\/schema\/logo\/image\/"}}]}},"_links":{"self":[{"href":"https:\/\/ayuntamientogalera.es\/es\/wp-json\/wp\/v2\/pages\/3493","targetHints":{"allow":["GET"]}}],"collection":[{"href":"https:\/\/ayuntamientogalera.es\/es\/wp-json\/wp\/v2\/pages"}],"about":[{"href":"https:\/\/ayuntamientogalera.es\/es\/wp-json\/wp\/v2\/types\/page"}],"author":[{"embeddable":true,"href":"https:\/\/ayuntamientogalera.es\/es\/wp-json\/wp\/v2\/users\/1"}],"replies":[{"embeddable":true,"href":"https:\/\/ayuntamientogalera.es\/es\/wp-json\/wp\/v2\/comments?post=3493"}],"version-history":[{"count":4,"href":"https:\/\/ayuntamientogalera.es\/es\/wp-json\/wp\/v2\/pages\/3493\/revisions"}],"predecessor-version":[{"id":3956,"href":"https:\/\/ayuntamientogalera.es\/es\/wp-json\/wp\/v2\/pages\/3493\/revisions\/3956"}],"wp:featuredmedia":[{"embeddable":true,"href":"https:\/\/ayuntamientogalera.es\/es\/wp-json\/wp\/v2\/media\/3538"}],"wp:attachment":[{"href":"https:\/\/ayuntamientogalera.es\/es\/wp-json\/wp\/v2\/media?parent=3493"}],"curies":[{"name":"wp","href":"https:\/\/api.w.org\/{rel}","templated":true}]}}