{"id":3495,"date":"2025-07-14T16:52:04","date_gmt":"2025-07-14T14:52:04","guid":{"rendered":"http:\/\/ayuntamiento-galera.demos-idento.es\/?page_id=3495"},"modified":"2025-09-18T11:24:45","modified_gmt":"2025-09-18T09:24:45","slug":"fiestas","status":"publish","type":"page","link":"https:\/\/ayuntamientogalera.es\/es\/fiestas\/","title":{"rendered":"Fiestas"},"content":{"rendered":"\n<div class=\"wp-block-group main-fiestas has-background\" style=\"background-color:#f5f5f5\"><div class=\"wp-block-group__inner-container is-layout-constrained wp-block-group-is-layout-constrained\">\n<p class=\"has-text-align-center uppercase pretitulo animated fadeInUp\">Fiestas y tradiciones populares<\/p>\n\n\n\n<h2 class=\"wp-block-heading has-text-align-center\">Calendario<\/h2>\n\n\n\n<div class=\"wp-block-group container animated fadeInUp\"><div class=\"wp-block-group__inner-container is-layout-constrained wp-block-group-is-layout-constrained\">    <div class=\"row\">\n                    <div class=\"col-lg-6\">\n                <div class=\"card-fiesta\" >\n\n                                            <h3 class=\"card-fiesta__dia\">4<\/h3>\n                    \n                                            <span class=\"card-fiesta__mes\">Enero<\/span>\n                    \n                                            <h4 class=\"card-fiesta__titulo\">Rosario de San Anquilino<\/h4>\n                    \n                                            <p class=\"card-fiesta__descripcion\">El 4 de enero, al anochecer se cantan el rosario y coplas de la Aurora con m\u00fasica de cuerda.<\/p>\n                    \n                    \n                <\/div>\n            <\/div>\n                    <div class=\"col-lg-6\">\n                <div class=\"card-fiesta\" >\n\n                                            <h3 class=\"card-fiesta__dia\">15 al 18<\/h3>\n                    \n                                            <span class=\"card-fiesta__mes\">Enero<\/span>\n                    \n                                            <h4 class=\"card-fiesta__titulo\">San Ant\u00f3n<\/h4>\n                    \n                                            <p class=\"card-fiesta__descripcion\">Fiesta popular que se celebra del 15 al18 de enero.<\/p>\n                    \n                    \n                <\/div>\n            <\/div>\n                    <div class=\"col-lg-6\">\n                <div class=\"card-fiesta\" >\n\n                                            <h3 class=\"card-fiesta__dia\">Jueves antes  del mi\u00e9rcoles de ceniza<\/h3>\n                    \n                                            <span class=\"card-fiesta__mes\">Abril<\/span>\n                    \n                                            <h4 class=\"card-fiesta__titulo\">Jueves lardero o d\u00eda de la tortilla<\/h4>\n                    \n                                            <p class=\"card-fiesta__descripcion\">D\u00eda en que la gente sale a comer la tortilla al campo, el jueves anterior al mi\u00e9rcoles de ceniza.<\/p>\n                    \n                    \n                <\/div>\n            <\/div>\n                    <div class=\"col-lg-6\">\n                <div class=\"card-fiesta\" >\n\n                                            <h3 class=\"card-fiesta__dia\">Semana Santa<\/h3>\n                    \n                                            <span class=\"card-fiesta__mes\">Abril<\/span>\n                    \n                                            <h4 class=\"card-fiesta__titulo\">Via Crucis &#8211; Semana Santa<\/h4>\n                    \n                                            <p class=\"card-fiesta__descripcion\">De gran importancia cultural, se celebra el Viernes Santo en \u00e9l\u00a0 se sube al calvario con la imagen de Jes\u00fas Nazareno con cantos religiosos del&#8230;<\/p>\n                    \n                    \n                <\/div>\n            <\/div>\n                    <div class=\"col-lg-6\">\n                <div class=\"card-fiesta\" >\n\n                                            <h3 class=\"card-fiesta__dia\">Semana Santa<\/h3>\n                    \n                                            <span class=\"card-fiesta__mes\">Abril<\/span>\n                    \n                                            <h4 class=\"card-fiesta__titulo\">Procesi\u00f3n del Santo Entierro &#8211; Semana Santa<\/h4>\n                    \n                                            <p class=\"card-fiesta__descripcion\">D\u00eda en que la gente sale a comer la tortilla al campo, el jueves anterior al mi\u00e9rcoles de ceniza.<\/p>\n                    \n                    \n                <\/div>\n            <\/div>\n                    <div class=\"col-lg-6\">\n                <div class=\"card-fiesta\" >\n\n                                            <h3 class=\"card-fiesta__dia\">15<\/h3>\n                    \n                                            <span class=\"card-fiesta__mes\">Mayo<\/span>\n                    \n                                            <h4 class=\"card-fiesta__titulo\">Fiestas de San Isidro Labrador en La Alquer\u00eda<\/h4>\n                    \n                                            <p class=\"card-fiesta__descripcion\">Se celebran en el fin de semana m\u00e1s cercano al d\u00eda 15 de Mayo en el anejo de la Alquer\u00eda.<\/p>\n                    \n                    \n                <\/div>\n            <\/div>\n                    <div class=\"col-lg-6\">\n                <div class=\"card-fiesta\" >\n\n                                            <h3 class=\"card-fiesta__dia\">24<\/h3>\n                    \n                                            <span class=\"card-fiesta__mes\">Junio<\/span>\n                    \n                                            <h4 class=\"card-fiesta__titulo\">Fiestas de San Juan en el Cortijo del Cura<\/h4>\n                    \n                                            <p class=\"card-fiesta__descripcion\">Se celebran en el fin de semana mas cercano al d\u00eda 24 de junio en el Anejo del Cortijo del Cura.<\/p>\n                    \n                    \n                <\/div>\n            <\/div>\n                    <div class=\"col-lg-6\">\n                <div class=\"card-fiesta\" >\n\n                                            <h3 class=\"card-fiesta__dia\">Primera Semana de Agosto<\/h3>\n                    \n                                            <span class=\"card-fiesta__mes\">Agosto<\/span>\n                    \n                                            <h4 class=\"card-fiesta__titulo\">Fiestas Patronales del Santo Cristo de la Expiraci\u00f3n<\/h4>\n                    \n                                            <p class=\"card-fiesta__descripcion\">Fiestas que se celebran en honor del Santo Cristo de la Expiraci\u00f3n el primer fin de semana de Agosto, son las mas importantes de todo&#8230;<\/p>\n                    \n                    \n                <\/div>\n            <\/div>\n                    <div class=\"col-lg-6\">\n                <div class=\"card-fiesta\" >\n\n                                            <h3 class=\"card-fiesta__dia\">Primer domingo de Octubre<\/h3>\n                    \n                                            <span class=\"card-fiesta__mes\">Octubre<\/span>\n                    \n                                            <h4 class=\"card-fiesta__titulo\">Virgen del Rosario<\/h4>\n                    \n                                            <p class=\"card-fiesta__descripcion\">Fiesta religiosa que se celebra el primer domingo de octubre,\u00a0 en ella se celebra de madrugada el Rosario y las coplas de la aurora: con&#8230;<\/p>\n                    \n                    \n                <\/div>\n            <\/div>\n                    <div class=\"col-lg-6\">\n                <div class=\"card-fiesta\" >\n\n                                            <h3 class=\"card-fiesta__dia\">12<\/h3>\n                    \n                                            <span class=\"card-fiesta__mes\">Octubre<\/span>\n                    \n                                            <h4 class=\"card-fiesta__titulo\">Fiestas del Pilar en Riego Nuevo<\/h4>\n                    \n                                            <p class=\"card-fiesta__descripcion\">Se celebran en el fin de semana mas cercano al d\u00eda 12 de Octubre en el Anejo del Riego Nuevo.<\/p>\n                    \n                    \n                <\/div>\n            <\/div>\n                    <div class=\"col-lg-6\">\n                <div class=\"card-fiesta\" >\n\n                                            <h3 class=\"card-fiesta__dia\">13<\/h3>\n                    \n                                            <span class=\"card-fiesta__mes\">Diciembre<\/span>\n                    \n                                            <h4 class=\"card-fiesta__titulo\">Santa Luc\u00eda<\/h4>\n                    \n                                            <p class=\"card-fiesta__descripcion\">Por la noche se encienden hogueras y se cantan villancicos navide\u00f1os al calor de las mismas, tambi\u00e9n se asan embutidos en las brasas de la&#8230;<\/p>\n                    \n                    \n                <\/div>\n            <\/div>\n                    <div class=\"col-lg-6\">\n                <div class=\"card-fiesta\" >\n\n                                            <h3 class=\"card-fiesta__dia\">15 al 23 diciembre<\/h3>\n                    \n                                            <span class=\"card-fiesta__mes\">Diciembre<\/span>\n                    \n                                            <h4 class=\"card-fiesta__titulo\">Misas de los Gozos<\/h4>\n                    \n                                            <p class=\"card-fiesta__descripcion\">Por la noche se encienden hogueras y se cantan villancicos navide\u00f1os al calor de las mismas, tambi\u00e9n se asan embutidos en las brasas de la&#8230;<\/p>\n                    \n                    \n                <\/div>\n            <\/div>\n                    <div class=\"col-lg-6\">\n                <div class=\"card-fiesta\" >\n\n                                            <h3 class=\"card-fiesta__dia\">26<\/h3>\n                    \n                                            <span class=\"card-fiesta__mes\">Diciembre<\/span>\n                    \n                                            <h4 class=\"card-fiesta__titulo\">Fiesta de las migas<\/h4>\n                    \n                                            <p class=\"card-fiesta__descripcion\">Al anochecer en la plaza mayor en ella el Ayuntamiento regala el aceite, la harina la le\u00f1a para hacer fuegos para hacer las migas y\u00a0&#8230;<\/p>\n                    \n                    \n                <\/div>\n            <\/div>\n            <\/div>\n<\/div><\/div>\n<\/div><\/div>\n","protected":false},"excerpt":{"rendered":"<p>Fiestas y tradiciones populares Calendario<\/p>\n","protected":false},"author":1,"featured_media":0,"parent":0,"menu_order":0,"comment_status":"closed","ping_status":"closed","template":"template-basico.php","meta":{"_acf_changed":false,"footnotes":""},"class_list":["post-3495","page","type-page","status-publish","hentry"],"acf":[],"yoast_head":"<!-- This site is optimized with the Yoast SEO plugin v25.6 - https:\/\/yoast.com\/wordpress\/plugins\/seo\/ -->\n<title>Fiestas | Ayuntamiento de Galera<\/title>\n<meta name=\"robots\" content=\"index, follow, max-snippet:-1, max-image-preview:large, max-video-preview:-1\" \/>\n<link rel=\"canonical\" href=\"https:\/\/ayuntamientogalera.es\/es\/fiestas\/\" \/>\n<meta property=\"og:locale\" content=\"es_ES\" \/>\n<meta property=\"og:type\" content=\"article\" \/>\n<meta property=\"og:title\" content=\"Fiestas | Ayuntamiento de Galera\" \/>\n<meta property=\"og:description\" content=\"Fiestas y tradiciones populares Calendario\" \/>\n<meta property=\"og:url\" content=\"https:\/\/ayuntamientogalera.es\/es\/fiestas\/\" \/>\n<meta property=\"og:site_name\" content=\"Ayuntamiento de Galera\" \/>\n<meta property=\"article:modified_time\" content=\"2025-09-18T09:24:45+00:00\" \/>\n<meta name=\"twitter:card\" content=\"summary_large_image\" \/>\n<meta name=\"twitter:label1\" content=\"Tiempo de lectura\" \/>\n\t<meta name=\"twitter:data1\" content=\"1 minuto\" \/>\n<script type=\"application\/ld+json\" class=\"yoast-schema-graph\">{\"@context\":\"https:\/\/schema.org\",\"@graph\":[{\"@type\":\"WebPage\",\"@id\":\"https:\/\/ayuntamientogalera.es\/es\/fiestas\/\",\"url\":\"https:\/\/ayuntamientogalera.es\/es\/fiestas\/\",\"name\":\"Fiestas | Ayuntamiento de Galera\",\"isPartOf\":{\"@id\":\"https:\/\/ayuntamientogalera.es\/es\/#website\"},\"datePublished\":\"2025-07-14T14:52:04+00:00\",\"dateModified\":\"2025-09-18T09:24:45+00:00\",\"breadcrumb\":{\"@id\":\"https:\/\/ayuntamientogalera.es\/es\/fiestas\/#breadcrumb\"},\"inLanguage\":\"es\",\"potentialAction\":[{\"@type\":\"ReadAction\",\"target\":[\"https:\/\/ayuntamientogalera.es\/es\/fiestas\/\"]}]},{\"@type\":\"BreadcrumbList\",\"@id\":\"https:\/\/ayuntamientogalera.es\/es\/fiestas\/#breadcrumb\",\"itemListElement\":[{\"@type\":\"ListItem\",\"position\":1,\"name\":\"Inicio\",\"item\":\"https:\/\/ayuntamientogalera.es\/es\/\"},{\"@type\":\"ListItem\",\"position\":2,\"name\":\"Fiestas\"}]},{\"@type\":\"WebSite\",\"@id\":\"https:\/\/ayuntamientogalera.es\/es\/#website\",\"url\":\"https:\/\/ayuntamientogalera.es\/es\/\",\"name\":\"Ayuntamiento de Galera\",\"description\":\"Informaci\u00f3n oficial del Ayuntamiento de Galera: historia, servicios, noticias, eventos, contacto y tr\u00e1mites. Todo lo que necesitas saber sobre Galera.\",\"publisher\":{\"@id\":\"https:\/\/ayuntamientogalera.es\/es\/#organization\"},\"potentialAction\":[{\"@type\":\"SearchAction\",\"target\":{\"@type\":\"EntryPoint\",\"urlTemplate\":\"https:\/\/ayuntamientogalera.es\/es\/?s={search_term_string}\"},\"query-input\":{\"@type\":\"PropertyValueSpecification\",\"valueRequired\":true,\"valueName\":\"search_term_string\"}}],\"inLanguage\":\"es\"},{\"@type\":\"Organization\",\"@id\":\"https:\/\/ayuntamientogalera.es\/es\/#organization\",\"name\":\"Ayuntamiento de Galera\",\"url\":\"https:\/\/ayuntamientogalera.es\/es\/\",\"logo\":{\"@type\":\"ImageObject\",\"inLanguage\":\"es\",\"@id\":\"https:\/\/ayuntamientogalera.es\/es\/#\/schema\/logo\/image\/\",\"url\":\"https:\/\/ayuntamientogalera.es\/wp-content\/uploads\/logo-galera-mobile.png\",\"contentUrl\":\"https:\/\/ayuntamientogalera.es\/wp-content\/uploads\/logo-galera-mobile.png\",\"width\":343,\"height\":50,\"caption\":\"Ayuntamiento de Galera\"},\"image\":{\"@id\":\"https:\/\/ayuntamientogalera.es\/es\/#\/schema\/logo\/image\/\"}}]}<\/script>\n<!-- \/ Yoast SEO plugin. -->","yoast_head_json":{"title":"Fiestas | Ayuntamiento de Galera","robots":{"index":"index","follow":"follow","max-snippet":"max-snippet:-1","max-image-preview":"max-image-preview:large","max-video-preview":"max-video-preview:-1"},"canonical":"https:\/\/ayuntamientogalera.es\/es\/fiestas\/","og_locale":"es_ES","og_type":"article","og_title":"Fiestas | Ayuntamiento de Galera","og_description":"Fiestas y tradiciones populares Calendario","og_url":"https:\/\/ayuntamientogalera.es\/es\/fiestas\/","og_site_name":"Ayuntamiento de Galera","article_modified_time":"2025-09-18T09:24:45+00:00","twitter_card":"summary_large_image","twitter_misc":{"Tiempo de lectura":"1 minuto"},"schema":{"@context":"https:\/\/schema.org","@graph":[{"@type":"WebPage","@id":"https:\/\/ayuntamientogalera.es\/es\/fiestas\/","url":"https:\/\/ayuntamientogalera.es\/es\/fiestas\/","name":"Fiestas | Ayuntamiento de Galera","isPartOf":{"@id":"https:\/\/ayuntamientogalera.es\/es\/#website"},"datePublished":"2025-07-14T14:52:04+00:00","dateModified":"2025-09-18T09:24:45+00:00","breadcrumb":{"@id":"https:\/\/ayuntamientogalera.es\/es\/fiestas\/#breadcrumb"},"inLanguage":"es","potentialAction":[{"@type":"ReadAction","target":["https:\/\/ayuntamientogalera.es\/es\/fiestas\/"]}]},{"@type":"BreadcrumbList","@id":"https:\/\/ayuntamientogalera.es\/es\/fiestas\/#breadcrumb","itemListElement":[{"@type":"ListItem","position":1,"name":"Inicio","item":"https:\/\/ayuntamientogalera.es\/es\/"},{"@type":"ListItem","position":2,"name":"Fiestas"}]},{"@type":"WebSite","@id":"https:\/\/ayuntamientogalera.es\/es\/#website","url":"https:\/\/ayuntamientogalera.es\/es\/","name":"Ayuntamiento de Galera","description":"Informaci\u00f3n oficial del Ayuntamiento de Galera: historia, servicios, noticias, eventos, contacto y tr\u00e1mites. Todo lo que necesitas saber sobre Galera.","publisher":{"@id":"https:\/\/ayuntamientogalera.es\/es\/#organization"},"potentialAction":[{"@type":"SearchAction","target":{"@type":"EntryPoint","urlTemplate":"https:\/\/ayuntamientogalera.es\/es\/?s={search_term_string}"},"query-input":{"@type":"PropertyValueSpecification","valueRequired":true,"valueName":"search_term_string"}}],"inLanguage":"es"},{"@type":"Organization","@id":"https:\/\/ayuntamientogalera.es\/es\/#organization","name":"Ayuntamiento de Galera","url":"https:\/\/ayuntamientogalera.es\/es\/","logo":{"@type":"ImageObject","inLanguage":"es","@id":"https:\/\/ayuntamientogalera.es\/es\/#\/schema\/logo\/image\/","url":"https:\/\/ayuntamientogalera.es\/wp-content\/uploads\/logo-galera-mobile.png","contentUrl":"https:\/\/ayuntamientogalera.es\/wp-content\/uploads\/logo-galera-mobile.png","width":343,"height":50,"caption":"Ayuntamiento de Galera"},"image":{"@id":"https:\/\/ayuntamientogalera.es\/es\/#\/schema\/logo\/image\/"}}]}},"_links":{"self":[{"href":"https:\/\/ayuntamientogalera.es\/es\/wp-json\/wp\/v2\/pages\/3495","targetHints":{"allow":["GET"]}}],"collection":[{"href":"https:\/\/ayuntamientogalera.es\/es\/wp-json\/wp\/v2\/pages"}],"about":[{"href":"https:\/\/ayuntamientogalera.es\/es\/wp-json\/wp\/v2\/types\/page"}],"author":[{"embeddable":true,"href":"https:\/\/ayuntamientogalera.es\/es\/wp-json\/wp\/v2\/users\/1"}],"replies":[{"embeddable":true,"href":"https:\/\/ayuntamientogalera.es\/es\/wp-json\/wp\/v2\/comments?post=3495"}],"version-history":[{"count":5,"href":"https:\/\/ayuntamientogalera.es\/es\/wp-json\/wp\/v2\/pages\/3495\/revisions"}],"predecessor-version":[{"id":4015,"href":"https:\/\/ayuntamientogalera.es\/es\/wp-json\/wp\/v2\/pages\/3495\/revisions\/4015"}],"wp:attachment":[{"href":"https:\/\/ayuntamientogalera.es\/es\/wp-json\/wp\/v2\/media?parent=3495"}],"curies":[{"name":"wp","href":"https:\/\/api.w.org\/{rel}","templated":true}]}}