{"id":73,"date":"2016-12-29T13:21:30","date_gmt":"2016-12-29T12:21:30","guid":{"rendered":"http:\/\/ayuntamiento-galera.demos-idento.es\/?page_id=73"},"modified":"2025-11-12T14:25:34","modified_gmt":"2025-11-12T13:25:34","slug":"politica-de-cookies","status":"publish","type":"page","link":"https:\/\/ayuntamientogalera.es\/es\/politica-de-cookies\/","title":{"rendered":"Pol\u00edtica de cookies"},"content":{"rendered":"\n<div class=\"wp-block-group container-legal-text container\"><div class=\"wp-block-group__inner-container is-layout-constrained wp-block-group-is-layout-constrained\">\n<h2 class=\"wp-block-heading\"> Informaci\u00f3n sobre las cookies<\/h2>\n\n\n\n<p>Debido a la entrada en&nbsp; vigor&nbsp; de&nbsp; la referente modificaci\u00f3n de&nbsp; la \u00abLey&nbsp; de&nbsp; Servicios de&nbsp; la Sociedad de&nbsp; la Informaci\u00f3n\u00bb (LSSICE) establecida&nbsp; por&nbsp; el Real&nbsp; Decreto 13\/2012, es de&nbsp; obligaci\u00f3n obtener el consentimiento expreso del&nbsp; usuario de todas las p\u00e1ginas web&nbsp; que&nbsp; usan cookies&nbsp; prescindibles, antes de que&nbsp; este navegue por ellas.<\/p>\n\n\n\n<h3 class=\"wp-block-heading\">\u00bfQu\u00e9 son las cookies?<\/h3>\n\n\n\n<p>Las&nbsp; cookies&nbsp; y otras tecnolog\u00edas similares tales como&nbsp; local&nbsp; shared objects, flash&nbsp; cookies&nbsp; o p\u00edxeles, son&nbsp; herramientas empleadas por los servidores Web&nbsp; para almacenar y recuperar informaci\u00f3n acerca de sus visitantes, as\u00ed&nbsp; como&nbsp; para ofrecer un correcto funcionamiento del sitio.<\/p>\n\n\n\n<p>Mediante el uso&nbsp; de&nbsp; estos dispositivos se permite al servidor Web&nbsp; recordar algunos datos concernientes al usuario, como sus preferencias para la visualizaci\u00f3n de&nbsp; las&nbsp; p\u00e1ginas de&nbsp; ese servidor, nombre y contrase\u00f1a, productos que&nbsp; m\u00e1s le interesan, etc.<\/p>\n\n\n\n<h3 class=\"wp-block-heading\">Cookies afectadas por la normativa y cookies exceptuadas<\/h3>\n\n\n\n<p>Seg\u00fan la directiva de la UE, las&nbsp; cookies&nbsp; que&nbsp; requieren el consentimiento informado por parte del usuario son&nbsp; las&nbsp; cookies&nbsp; de anal\u00edtica y las&nbsp; de&nbsp; publicidad y afiliaci\u00f3n,&nbsp; quedando exceptuadas las&nbsp; de&nbsp; car\u00e1cter t\u00e9cnico y las&nbsp; necesarias para el funcionamiento del sitio web&nbsp; o la prestaci\u00f3n de servicios expresamente solicitados por el usuario.<\/p>\n\n\n\n<h3 class=\"wp-block-heading\">Tipos de cookies<\/h3>\n\n\n\n<h4 class=\"wp-block-heading\">Seg\u00fan la finalidad<\/h4>\n\n\n\n<p>Cookies&nbsp; <strong>t\u00e9cnicas y funcionales<\/strong>: son&nbsp; aquellas que&nbsp; permiten al usuario la navegaci\u00f3n a trav\u00e9s de&nbsp; una&nbsp; p\u00e1gina web,&nbsp; plataforma o aplicaci\u00f3n y la utilizaci\u00f3n&nbsp; de las diferentes opciones o servicios que&nbsp; en ella existan.<\/p>\n\n\n\n<p>Cookies&nbsp; <strong>anal\u00edticas<\/strong>: son&nbsp; aquellas que&nbsp; permiten al responsable de&nbsp; las&nbsp; mismas el seguimiento y an\u00e1lisis del comportamiento de&nbsp; los&nbsp; usuarios de&nbsp; los&nbsp; sitios&nbsp; web&nbsp; a los&nbsp; que&nbsp; est\u00e1n vinculadas. La informaci\u00f3n recogida mediante este tipo de&nbsp; cookies&nbsp; se utiliza en&nbsp; la medici\u00f3n de&nbsp; la actividad de&nbsp; los&nbsp; sitios&nbsp; web,&nbsp; aplicaci\u00f3n o plataforma y para la elaboraci\u00f3n de&nbsp; perfiles de&nbsp; navegaci\u00f3n de&nbsp; los&nbsp; usuarios de&nbsp; dichos sitios,&nbsp; aplicaciones y plataformas, con&nbsp; el fin de introducir&nbsp; mejoras en funci\u00f3n&nbsp; del an\u00e1lisis de los datos de uso&nbsp; que&nbsp; hacen los usuarios del servicio.<\/p>\n\n\n\n<p>Cookies&nbsp; <strong>publicitarias: <\/strong>son&nbsp; aquellas que&nbsp; permiten la gesti\u00f3n, de&nbsp; la forma&nbsp; m\u00e1s eficaz posible, de&nbsp; los espacios publicitarios que, en&nbsp; su&nbsp; caso, el editor&nbsp; haya incluido&nbsp; en&nbsp; una&nbsp; p\u00e1gina web,&nbsp; aplicaci\u00f3n o plataforma desde la que presta el servicio solicitado en&nbsp; base a criterios como&nbsp; el contenido editado o la frecuencia en&nbsp; la que&nbsp; se muestran los anuncios.<\/p>\n\n\n\n<p>Cookies&nbsp; <strong>de&nbsp; publicidad comportamental<\/strong>: recogen informaci\u00f3n sobre las&nbsp; preferencias y elecciones personales del usuario (retargeting) para permitir&nbsp; la gesti\u00f3n, de&nbsp; la forma&nbsp; m\u00e1s eficaz posible, de&nbsp; los espacios&nbsp; publicitarios que, en&nbsp; su&nbsp; caso, el editor&nbsp; haya incluido&nbsp; en&nbsp; una&nbsp; p\u00e1gina web,&nbsp; aplicaci\u00f3n o plataforma desde la que&nbsp; presta el servicio solicitado.<\/p>\n\n\n\n<p>Cookies&nbsp; <strong>sociales<\/strong>: son&nbsp; establecidas por&nbsp; las&nbsp; plataformas de&nbsp; redes sociales en&nbsp; los&nbsp; servicios para permitirle compartir contenido con&nbsp; sus amigos y redes. Las&nbsp; plataformas de&nbsp; medios sociales tienen la capacidad de&nbsp; rastrear su&nbsp; actividad en&nbsp; l\u00ednea&nbsp; fuera&nbsp; de&nbsp; los&nbsp; Servicios. Esto&nbsp; puede afectar al contenido y los&nbsp; mensajes que&nbsp; ve&nbsp; en&nbsp; otros servicios que&nbsp; visita.<\/p>\n\n\n\n<p>Cookies&nbsp; <strong>de&nbsp; afiliados<\/strong>: permiten hacer un seguimiento de&nbsp; las&nbsp; visitas procedentes de&nbsp; otras webs, con&nbsp; las&nbsp; que&nbsp; el sitio web&nbsp; establece un contrato de afiliaci\u00f3n&nbsp; (empresas de afiliaci\u00f3n).<\/p>\n\n\n\n<p>Cookies&nbsp; <strong>de&nbsp; seguridad<\/strong>: almacenan&nbsp; informaci\u00f3n cifrada para evitar&nbsp; que&nbsp; los&nbsp; datos guardados en&nbsp; ellas&nbsp; sean vulnerables a ataques maliciosos de terceros.<\/p>\n\n\n\n<h4 class=\"wp-block-heading\">Seg\u00fan la propiedad<\/h4>\n\n\n\n<p>Cookies&nbsp; <strong>propias <\/strong>: son&nbsp; aquellas que&nbsp; se env\u00edan al equipo terminal del&nbsp; usuario desde un&nbsp; equipo o dominio gestionado por el propio&nbsp; editor&nbsp; y desde el que&nbsp; se presta el servicio solicitado por el usuario.<\/p>\n\n\n\n<p>Cookies&nbsp; <strong>de terceros: <\/strong>son&nbsp; aquellas que&nbsp; se env\u00edan al equipo terminal del usuario desde un equipo o dominio&nbsp; que no es gestionado por el editor,&nbsp; sino&nbsp; por otra&nbsp; entidad que&nbsp; trata&nbsp; los datos obtenidos trav\u00e9s de las cookies.<\/p>\n\n\n\n<h4 class=\"wp-block-heading\">Seg\u00fan el plazo de la conservaci\u00f3n<\/h4>\n\n\n\n<p>Cookies&nbsp; <strong>de&nbsp; sesi\u00f3n: <\/strong>son&nbsp; un&nbsp; tipo de&nbsp; cookies&nbsp; dise\u00f1adas para recabar y almacenar datos mientras el usuario accede a una&nbsp; p\u00e1gina web.<\/p>\n\n\n\n<p>Cookies&nbsp; <strong>persistentes: <\/strong>son&nbsp; un tipo de&nbsp; cookies en&nbsp; el que&nbsp; los datos siguen almacenados en&nbsp; el terminal y pueden ser&nbsp; accedidos y tratados durante un&nbsp; per\u00edodo definido&nbsp; por&nbsp; el responsable de&nbsp; la cookie,&nbsp; y que&nbsp; puede ir de&nbsp; unos minutos a varios&nbsp; a\u00f1os.<\/p>\n\n\n\n<h4 class=\"wp-block-heading\">Tratamiento de datos personales<\/h4>\n\n\n\n<p>Ayuntamiento de Galera es el <strong>Responsable del\u00a0 tratamiento <\/strong>de los datos personales del <strong>Interesado <\/strong>y le informa\u00a0 de que estos datos ser\u00e1n tratados de conformidad con\u00a0 lo dispuesto en el Reglamento (UE) 2016\/679, de 27 de abril de 2016 (GDPR), por lo que\u00a0 se le facilita la siguiente informaci\u00f3n del tratamiento:<\/p>\n\n\n\n<p><strong>Fines del&nbsp; tratamiento: <\/strong>seg\u00fan se especifica en el apartado de cookies que&nbsp;se utilizan en este sitio web.<\/p>\n\n\n\n<p><strong>Legitimaci\u00f3n del&nbsp; tratamiento<\/strong>: por consentimiento del interesado (art. 6.1 GDPR).<\/p>\n\n\n\n<p><strong>Criterios de conservaci\u00f3n de los datos<\/strong>: seg\u00fan se especifica en el apartado de cookies&nbsp; utilizadas en la web.<\/p>\n\n\n\n<p><strong>Comunicaci\u00f3n de los datos<\/strong>: no se comunicar\u00e1n los datos a terceros, excepto en cookies propiedad de terceros o por obligaci\u00f3n legal.<\/p>\n\n\n\n<p><strong>Derechos que&nbsp; asisten al Interesado<\/strong>:<\/p>\n\n\n\n<p>&#8211; Derecho a retirar&nbsp; el consentimiento en cualquier momento.<\/p>\n\n\n\n<p>&#8211; Derecho de acceso, rectificaci\u00f3n, portabilidad y supresi\u00f3n de sus datos, y de limitaci\u00f3n&nbsp; u oposici\u00f3n a su tratamiento.<\/p>\n\n\n\n<p>&#8211; Derecho a presentar una&nbsp; reclamaci\u00f3n ante la Autoridad de control&nbsp; (www.aepd.es) si considera que&nbsp; el tratamiento no se ajusta a la normativa vigente.<\/p>\n\n\n\n<p><strong>Datos de contacto para ejercer sus derechos:<\/strong><\/p>\n\n\n\n<ul class=\"wp-block-list\">\n<li><strong>Sitio\/s Web:<\/strong> <a>www.ayuntamientogalera.es<\/a><\/li>\n\n\n\n<li><strong>Entidad:<\/strong> EXCMO. AYUNTAMIENTO DE GALERA<\/li>\n\n\n\n<li><strong>Nombre Comercial:<\/strong><\/li>\n\n\n\n<li><strong>Domicilio:<\/strong> PLAZA MAYOR, 8 &#8211; 18840 &#8211; GALERA &#8211; GRANADA<\/li>\n\n\n\n<li><strong>NIF:<\/strong> P1808400D<\/li>\n\n\n\n<li><strong>Tel\u00e9fono:<\/strong> 958739071<\/li>\n\n\n\n<li><strong>e-Mail:<\/strong> <a>dpd@ayuntamientogalera.es<\/a><\/li>\n<\/ul>\n\n\n\n<h3 class=\"wp-block-heading\">Informaci\u00f3n que est\u00e1 siendo utilizada<\/h3>\n\n\n\n<p>A continuaci\u00f3n se muestra la lista de datos que se pueden recopilar:<\/p>\n\n\n\n<ul class=\"wp-block-list\">\n<li>Tipo y configuraci\u00f3n del navegador<\/li>\n\n\n\n<li>Informaci\u00f3n del sistema operativo<\/li>\n\n\n\n<li>Datos de cookies<\/li>\n\n\n\n<li>Informaci\u00f3n sobre el dispositivo utilizado<\/li>\n\n\n\n<li>La direcci\u00f3n IP desde la que el dispositivo accede al sitio web<\/li>\n\n\n\n<li>Informaci\u00f3n sobre la actividad del usuario en este dispositivo, incluidas las p\u00e1ginas web visitadas<\/li>\n\n\n\n<li>Informaci\u00f3n de geolocalizaci\u00f3n del dispositivo al acceder al sitio web<\/li>\n<\/ul>\n\n\n\n<h3 class=\"wp-block-heading\">Opciones sobre cookies<\/h3>\n\n\n\n<p>Puedes cambiar tus preferencias de cookies en cualquier momento, aceptando o revocando tu consentimiento para recibir cookies analal\u00edticas y de publicidad. Las cookies t\u00e9cnicas ser\u00e1n descargadas siempre que lo permita la configuraci\u00f3n del navegador. A continuaci\u00f3n se muestran enlaces a las webs de los navegadores m\u00e1s populares, donde podr\u00e1s encontrar informaci\u00f3n sobre como borrar, restringir o permitir el uso de cookies en este y el resto de sitios web.<\/p>\n\n\n\n<ul class=\"wp-block-list\">\n<li><strong>Google Chrome<\/strong>:&nbsp;<a href=\"https:\/\/support.google.com\/chrome\/answer\/95647?hl=es\">https:\/\/support.google.com\/chrome\/answer\/95647?hl=es<\/a><\/li>\n\n\n\n<li><strong>Apple Safari (macOS)<\/strong>:&nbsp;<a href=\"https:\/\/support.apple.com\/es-es\/guide\/safari\/sfri11471\/mac\">https:\/\/support.apple.com\/es-es\/guide\/safari\/manage-cookies-and-website-data-sfri11471\/mac<\/a><\/li>\n\n\n\n<li><b>Apple Safari (iOS):&nbsp;<\/b><a href=\"https:\/\/support.apple.com\/es-es\/HT201265\">https:\/\/support.apple.com\/es-es\/HT201265<\/a><\/li>\n\n\n\n<li><strong>Mozilla Firefox<\/strong>:&nbsp;<a href=\"https:\/\/support.mozilla.org\/es\/kb\/Borrar%20cookies\">https:\/\/support.mozilla.org\/es\/kb\/Borrar%20cookies<\/a><\/li>\n\n\n\n<li><strong>Microsoft Edge<\/strong>:&nbsp;&nbsp;<a href=\"https:\/\/support.microsoft.com\/es-es\/windows\/microsoft-edge-datos-de-exploraci%C3%B3n-y-privacidad-bb8174ba-9d73-dcf2-9b4a-c582b4e640dd\">https:\/\/privacy.microsoft.com\/es-es\/windows-10-microsoft-edge-and-privacy<\/a><\/li>\n\n\n\n<li><strong>Opera:&nbsp;<\/strong><a href=\"https:\/\/help.opera.com\/en\/latest\/web-preferences\/#cookies\">https:\/\/help.opera.com\/Linux\/10.60\/es-ES\/cookies.html<\/a><\/li>\n<\/ul>\n\n\n\n<p>Adicionalmente, puede restringir el uso de cookies publicitarias de terceros para uno o varios proveedores en el siguiente enlace (Residentes en la Uni\u00f3n Europea):&nbsp;<a href=\"https:\/\/www.youronlinechoices.com\/es\/preferencias\/\">https:\/\/www.youronlinechoices.com\/es\/preferencias<\/a>&nbsp;o mediante el uso de una soluci\u00f3n de terceros en su navegador.<\/p>\n\n\n\n<h3 class=\"wp-block-heading\">Cookies usadas en este sitio web<\/h3>\n\n\n\n<ul class=\"wp-block-list\">\n<li>fp_cookie &#8211; usada por WP Full picture para almacenar el estado de consentimiento del usuario. Necesaria. No expira.<\/li>\n\n\n\n<li>fp_current_session &#8211; Una cookie opcional de WP Full Picture. Requiere consentimiento para el seguimiento de estad\u00edsticas. En la versi\u00f3n gratuita no tiene ning\u00fan valor y solo se utiliza para comprobar si se ha iniciado una nueva sesi\u00f3n. En la versi\u00f3n Pro, almacena el n\u00famero y el tipo de p\u00e1ginas que un visitante ha visto en una sesi\u00f3n, el dominio de la fuente de tr\u00e1fico, los par\u00e1metros URL de la primera p\u00e1gina de destino en una sesi\u00f3n y la puntuaci\u00f3n de inter\u00e9s del visitante. Caduca cuando un visitante permanece inactivo durante 30 minutos.<\/li>\n\n\n\n<li>_ga y _ga_*: Cookies anal\u00edticas usadas por Google Analytics para el seguimiento estad\u00edstico.<\/li>\n\n\n\n<li>wp-wpml_current_language &#8211; Cookie necesaria para establecer el idioma por defecto del sitio. Duraci\u00f3n a nivel de sesi\u00f3n.<\/li>\n<\/ul>\n<\/div><\/div>\n","protected":false},"excerpt":{"rendered":"<p>Informaci\u00f3n sobre las cookies Debido a la entrada en&nbsp; vigor&nbsp; de&nbsp; la referente modificaci\u00f3n de&nbsp; la \u00abLey&nbsp; de&nbsp; Servicios de&nbsp; la Sociedad de&nbsp; la Informaci\u00f3n\u00bb (LSSICE) establecida&nbsp; por&nbsp; el Real&nbsp;&#8230;<\/p>\n","protected":false},"author":1,"featured_media":0,"parent":0,"menu_order":0,"comment_status":"closed","ping_status":"closed","template":"template-basico.php","meta":{"_acf_changed":false,"footnotes":""},"class_list":["post-73","page","type-page","status-publish","hentry"],"acf":[],"yoast_head":"<!-- This site is optimized with the Yoast SEO plugin v25.6 - https:\/\/yoast.com\/wordpress\/plugins\/seo\/ -->\n<title>Pol\u00edtica de cookies | Ayuntamiento de Galera<\/title>\n<meta name=\"robots\" content=\"noindex, nofollow\" \/>\n<meta property=\"og:locale\" content=\"es_ES\" \/>\n<meta property=\"og:type\" content=\"article\" \/>\n<meta property=\"og:title\" content=\"Pol\u00edtica de cookies | Ayuntamiento de Galera\" \/>\n<meta property=\"og:description\" content=\"Informaci\u00f3n sobre las cookies Debido a la entrada en&nbsp; vigor&nbsp; de&nbsp; la referente modificaci\u00f3n de&nbsp; la \u00abLey&nbsp; de&nbsp; Servicios de&nbsp; la Sociedad de&nbsp; la Informaci\u00f3n\u00bb (LSSICE) establecida&nbsp; por&nbsp; el Real&nbsp;...\" \/>\n<meta property=\"og:url\" content=\"https:\/\/ayuntamientogalera.es\/es\/politica-de-cookies\/\" \/>\n<meta property=\"og:site_name\" content=\"Ayuntamiento de Galera\" \/>\n<meta property=\"article:modified_time\" content=\"2025-11-12T13:25:34+00:00\" \/>\n<meta name=\"twitter:card\" content=\"summary_large_image\" \/>\n<meta name=\"twitter:label1\" content=\"Tiempo de lectura\" \/>\n\t<meta name=\"twitter:data1\" content=\"6 minutos\" \/>\n<script type=\"application\/ld+json\" class=\"yoast-schema-graph\">{\"@context\":\"https:\/\/schema.org\",\"@graph\":[{\"@type\":\"WebPage\",\"@id\":\"https:\/\/ayuntamientogalera.es\/es\/politica-de-cookies\/\",\"url\":\"https:\/\/ayuntamientogalera.es\/es\/politica-de-cookies\/\",\"name\":\"Pol\u00edtica de cookies | Ayuntamiento de Galera\",\"isPartOf\":{\"@id\":\"https:\/\/ayuntamientogalera.es\/es\/#website\"},\"datePublished\":\"2016-12-29T12:21:30+00:00\",\"dateModified\":\"2025-11-12T13:25:34+00:00\",\"breadcrumb\":{\"@id\":\"https:\/\/ayuntamientogalera.es\/es\/politica-de-cookies\/#breadcrumb\"},\"inLanguage\":\"es\",\"potentialAction\":[{\"@type\":\"ReadAction\",\"target\":[\"https:\/\/ayuntamientogalera.es\/es\/politica-de-cookies\/\"]}]},{\"@type\":\"BreadcrumbList\",\"@id\":\"https:\/\/ayuntamientogalera.es\/es\/politica-de-cookies\/#breadcrumb\",\"itemListElement\":[{\"@type\":\"ListItem\",\"position\":1,\"name\":\"Inicio\",\"item\":\"https:\/\/ayuntamientogalera.es\/es\/\"},{\"@type\":\"ListItem\",\"position\":2,\"name\":\"Pol\u00edtica de cookies\"}]},{\"@type\":\"WebSite\",\"@id\":\"https:\/\/ayuntamientogalera.es\/es\/#website\",\"url\":\"https:\/\/ayuntamientogalera.es\/es\/\",\"name\":\"Ayuntamiento de Galera\",\"description\":\"Informaci\u00f3n oficial del Ayuntamiento de Galera: historia, servicios, noticias, eventos, contacto y tr\u00e1mites. Todo lo que necesitas saber sobre Galera.\",\"publisher\":{\"@id\":\"https:\/\/ayuntamientogalera.es\/es\/#organization\"},\"potentialAction\":[{\"@type\":\"SearchAction\",\"target\":{\"@type\":\"EntryPoint\",\"urlTemplate\":\"https:\/\/ayuntamientogalera.es\/es\/?s={search_term_string}\"},\"query-input\":{\"@type\":\"PropertyValueSpecification\",\"valueRequired\":true,\"valueName\":\"search_term_string\"}}],\"inLanguage\":\"es\"},{\"@type\":\"Organization\",\"@id\":\"https:\/\/ayuntamientogalera.es\/es\/#organization\",\"name\":\"Ayuntamiento de Galera\",\"url\":\"https:\/\/ayuntamientogalera.es\/es\/\",\"logo\":{\"@type\":\"ImageObject\",\"inLanguage\":\"es\",\"@id\":\"https:\/\/ayuntamientogalera.es\/es\/#\/schema\/logo\/image\/\",\"url\":\"https:\/\/ayuntamientogalera.es\/wp-content\/uploads\/logo-galera-mobile.png\",\"contentUrl\":\"https:\/\/ayuntamientogalera.es\/wp-content\/uploads\/logo-galera-mobile.png\",\"width\":343,\"height\":50,\"caption\":\"Ayuntamiento de Galera\"},\"image\":{\"@id\":\"https:\/\/ayuntamientogalera.es\/es\/#\/schema\/logo\/image\/\"}}]}<\/script>\n<!-- \/ Yoast SEO plugin. -->","yoast_head_json":{"title":"Pol\u00edtica de cookies | Ayuntamiento de Galera","robots":{"index":"noindex","follow":"nofollow"},"og_locale":"es_ES","og_type":"article","og_title":"Pol\u00edtica de cookies | Ayuntamiento de Galera","og_description":"Informaci\u00f3n sobre las cookies Debido a la entrada en&nbsp; vigor&nbsp; de&nbsp; la referente modificaci\u00f3n de&nbsp; la \u00abLey&nbsp; de&nbsp; Servicios de&nbsp; la Sociedad de&nbsp; la Informaci\u00f3n\u00bb (LSSICE) establecida&nbsp; por&nbsp; el Real&nbsp;...","og_url":"https:\/\/ayuntamientogalera.es\/es\/politica-de-cookies\/","og_site_name":"Ayuntamiento de Galera","article_modified_time":"2025-11-12T13:25:34+00:00","twitter_card":"summary_large_image","twitter_misc":{"Tiempo de lectura":"6 minutos"},"schema":{"@context":"https:\/\/schema.org","@graph":[{"@type":"WebPage","@id":"https:\/\/ayuntamientogalera.es\/es\/politica-de-cookies\/","url":"https:\/\/ayuntamientogalera.es\/es\/politica-de-cookies\/","name":"Pol\u00edtica de cookies | Ayuntamiento de Galera","isPartOf":{"@id":"https:\/\/ayuntamientogalera.es\/es\/#website"},"datePublished":"2016-12-29T12:21:30+00:00","dateModified":"2025-11-12T13:25:34+00:00","breadcrumb":{"@id":"https:\/\/ayuntamientogalera.es\/es\/politica-de-cookies\/#breadcrumb"},"inLanguage":"es","potentialAction":[{"@type":"ReadAction","target":["https:\/\/ayuntamientogalera.es\/es\/politica-de-cookies\/"]}]},{"@type":"BreadcrumbList","@id":"https:\/\/ayuntamientogalera.es\/es\/politica-de-cookies\/#breadcrumb","itemListElement":[{"@type":"ListItem","position":1,"name":"Inicio","item":"https:\/\/ayuntamientogalera.es\/es\/"},{"@type":"ListItem","position":2,"name":"Pol\u00edtica de cookies"}]},{"@type":"WebSite","@id":"https:\/\/ayuntamientogalera.es\/es\/#website","url":"https:\/\/ayuntamientogalera.es\/es\/","name":"Ayuntamiento de Galera","description":"Informaci\u00f3n oficial del Ayuntamiento de Galera: historia, servicios, noticias, eventos, contacto y tr\u00e1mites. Todo lo que necesitas saber sobre Galera.","publisher":{"@id":"https:\/\/ayuntamientogalera.es\/es\/#organization"},"potentialAction":[{"@type":"SearchAction","target":{"@type":"EntryPoint","urlTemplate":"https:\/\/ayuntamientogalera.es\/es\/?s={search_term_string}"},"query-input":{"@type":"PropertyValueSpecification","valueRequired":true,"valueName":"search_term_string"}}],"inLanguage":"es"},{"@type":"Organization","@id":"https:\/\/ayuntamientogalera.es\/es\/#organization","name":"Ayuntamiento de Galera","url":"https:\/\/ayuntamientogalera.es\/es\/","logo":{"@type":"ImageObject","inLanguage":"es","@id":"https:\/\/ayuntamientogalera.es\/es\/#\/schema\/logo\/image\/","url":"https:\/\/ayuntamientogalera.es\/wp-content\/uploads\/logo-galera-mobile.png","contentUrl":"https:\/\/ayuntamientogalera.es\/wp-content\/uploads\/logo-galera-mobile.png","width":343,"height":50,"caption":"Ayuntamiento de Galera"},"image":{"@id":"https:\/\/ayuntamientogalera.es\/es\/#\/schema\/logo\/image\/"}}]}},"_links":{"self":[{"href":"https:\/\/ayuntamientogalera.es\/es\/wp-json\/wp\/v2\/pages\/73","targetHints":{"allow":["GET"]}}],"collection":[{"href":"https:\/\/ayuntamientogalera.es\/es\/wp-json\/wp\/v2\/pages"}],"about":[{"href":"https:\/\/ayuntamientogalera.es\/es\/wp-json\/wp\/v2\/types\/page"}],"author":[{"embeddable":true,"href":"https:\/\/ayuntamientogalera.es\/es\/wp-json\/wp\/v2\/users\/1"}],"replies":[{"embeddable":true,"href":"https:\/\/ayuntamientogalera.es\/es\/wp-json\/wp\/v2\/comments?post=73"}],"version-history":[{"count":5,"href":"https:\/\/ayuntamientogalera.es\/es\/wp-json\/wp\/v2\/pages\/73\/revisions"}],"predecessor-version":[{"id":4067,"href":"https:\/\/ayuntamientogalera.es\/es\/wp-json\/wp\/v2\/pages\/73\/revisions\/4067"}],"wp:attachment":[{"href":"https:\/\/ayuntamientogalera.es\/es\/wp-json\/wp\/v2\/media?parent=73"}],"curies":[{"name":"wp","href":"https:\/\/api.w.org\/{rel}","templated":true}]}}